{"id":12497,"date":"2020-10-12T15:35:32","date_gmt":"2020-10-12T13:48:05","guid":{"rendered":"https:\/\/visiplast.com\/product\/duftstoffe\/"},"modified":"2020-10-12T15:48:14","modified_gmt":"2020-10-12T13:48:14","slug":"duftstoffe","status":"publish","type":"product","link":"https:\/\/visiplast.com\/de\/produit\/duftstoffe\/","title":{"rendered":"Duftstoffe"},"content":{"rendered":"<p>Duftstoffe<br \/>\nUm Ihren Ideen eine vierte Dimension hinzuzuf\u00fcgen, produzieren wir duftende thermoplastische Elastomere in Lizenz. Ein zus\u00e4tzliches Hilfsmittel, um Ihre Kunden zu verf\u00fchren.<\/p>\n<p>Die Dauer der Duftabgabe der auf diese Weise hergestellten Objekte betr\u00e4gt etwa 12 Monate. Die Verwendung des Geruchssinns verst\u00e4rkt den Memory-Effekt.<\/p>\n<p>Mit Partnerfirmen entwickelte Produkte.<\/p>\n","protected":false},"excerpt":{"rendered":"<p>Duftstoffe<br \/>\nUm Ihren Ideen eine vierte Dimension hinzuzuf\u00fcgen, produzieren wir duftende thermoplastische Elastomere in Lizenz. Ein zus\u00e4tzliches Hilfsmittel, um Ihre Kunden zu verf\u00fchren.<\/p>\n<p>Die Dauer der Duftabgabe der auf diese Weise hergestellten Objekte betr\u00e4gt etwa 12 Monate. Die Verwendung des Geruchssinns verst\u00e4rkt den Memory-Effekt.<\/p>\n<p>Mit Partnerfirmen entwickelte Produkte.<\/p>\n","protected":false},"featured_media":14862,"template":"","meta":[],"product_cat":[174,183],"product_tag":[],"class_list":{"0":"post-12497","1":"product","2":"type-product","3":"status-publish","4":"has-post-thumbnail","6":"product_cat-erweitern","7":"product_cat-kommunikation","9":"first","10":"instock","11":"product-type-simple"},"yoast_head":"<!-- This site is optimized with the Yoast SEO plugin v25.3.1 - https:\/\/yoast.com\/wordpress\/plugins\/seo\/ -->\n<title>Duftstoffe - VISIPLAST<\/title>\n<meta name=\"robots\" content=\"index, follow, max-snippet:-1, max-image-preview:large, max-video-preview:-1\" \/>\n<link rel=\"canonical\" href=\"https:\/\/visiplast.com\/de\/produit\/duftstoffe\/\" \/>\n<meta property=\"og:locale\" content=\"de_DE\" \/>\n<meta property=\"og:type\" content=\"article\" \/>\n<meta property=\"og:title\" content=\"Duftstoffe - VISIPLAST\" \/>\n<meta property=\"og:description\" content=\"Duftstoffe Um Ihren Ideen eine vierte Dimension hinzuzuf\u00fcgen, produzieren wir duftende thermoplastische Elastomere in Lizenz. Ein zus\u00e4tzliches Hilfsmittel, um Ihre Kunden zu verf\u00fchren. Die Dauer der Duftabgabe der auf diese Weise hergestellten Objekte betr\u00e4gt etwa 12 Monate. Die Verwendung des Geruchssinns verst\u00e4rkt den Memory-Effekt.  Mit Partnerfirmen entwickelte Produkte.\" \/>\n<meta property=\"og:url\" content=\"https:\/\/visiplast.com\/de\/produit\/duftstoffe\/\" \/>\n<meta property=\"og:site_name\" content=\"VISIPLAST\" \/>\n<meta property=\"article:modified_time\" content=\"2020-10-12T13:48:14+00:00\" \/>\n<meta property=\"og:image\" content=\"https:\/\/visiplast.com\/wp-content\/uploads\/2021\/01\/Mati\u00e8res-parfum\u00e9es.jpg\" \/>\n\t<meta property=\"og:image:width\" content=\"700\" \/>\n\t<meta property=\"og:image:height\" content=\"600\" \/>\n\t<meta property=\"og:image:type\" content=\"image\/jpeg\" \/>\n<meta name=\"twitter:card\" content=\"summary_large_image\" \/>\n<script type=\"application\/ld+json\" class=\"yoast-schema-graph\">{\"@context\":\"https:\/\/schema.org\",\"@graph\":[{\"@type\":\"WebPage\",\"@id\":\"https:\/\/visiplast.com\/de\/produit\/duftstoffe\/\",\"url\":\"https:\/\/visiplast.com\/de\/produit\/duftstoffe\/\",\"name\":\"Duftstoffe - VISIPLAST\",\"isPartOf\":{\"@id\":\"https:\/\/visiplast.com\/#website\"},\"primaryImageOfPage\":{\"@id\":\"https:\/\/visiplast.com\/de\/produit\/duftstoffe\/#primaryimage\"},\"image\":{\"@id\":\"https:\/\/visiplast.com\/de\/produit\/duftstoffe\/#primaryimage\"},\"thumbnailUrl\":\"https:\/\/visiplast.com\/wp-content\/uploads\/2021\/01\/Mati\u00e8res-parfum\u00e9es.jpg\",\"datePublished\":\"2020-10-12T13:48:05+00:00\",\"dateModified\":\"2020-10-12T13:48:14+00:00\",\"breadcrumb\":{\"@id\":\"https:\/\/visiplast.com\/de\/produit\/duftstoffe\/#breadcrumb\"},\"inLanguage\":\"de\",\"potentialAction\":[{\"@type\":\"ReadAction\",\"target\":[\"https:\/\/visiplast.com\/de\/produit\/duftstoffe\/\"]}]},{\"@type\":\"ImageObject\",\"inLanguage\":\"de\",\"@id\":\"https:\/\/visiplast.com\/de\/produit\/duftstoffe\/#primaryimage\",\"url\":\"https:\/\/visiplast.com\/wp-content\/uploads\/2021\/01\/Mati\u00e8res-parfum\u00e9es.jpg\",\"contentUrl\":\"https:\/\/visiplast.com\/wp-content\/uploads\/2021\/01\/Mati\u00e8res-parfum\u00e9es.jpg\",\"width\":700,\"height\":600},{\"@type\":\"BreadcrumbList\",\"@id\":\"https:\/\/visiplast.com\/de\/produit\/duftstoffe\/#breadcrumb\",\"itemListElement\":[{\"@type\":\"ListItem\",\"position\":1,\"name\":\"Accueil\",\"item\":\"https:\/\/visiplast.com\/\"},{\"@type\":\"ListItem\",\"position\":2,\"name\":\"Notre catalogue\",\"item\":\"https:\/\/visiplast.com\/catalogue\/\"},{\"@type\":\"ListItem\",\"position\":3,\"name\":\"Duftstoffe\"}]},{\"@type\":\"WebSite\",\"@id\":\"https:\/\/visiplast.com\/#website\",\"url\":\"https:\/\/visiplast.com\/\",\"name\":\"VISIPLAST\",\"description\":\"Un site utilisant WordPress\",\"potentialAction\":[{\"@type\":\"SearchAction\",\"target\":{\"@type\":\"EntryPoint\",\"urlTemplate\":\"https:\/\/visiplast.com\/?s={search_term_string}\"},\"query-input\":{\"@type\":\"PropertyValueSpecification\",\"valueRequired\":true,\"valueName\":\"search_term_string\"}}],\"inLanguage\":\"de\"}]}<\/script>\n<!-- \/ Yoast SEO plugin. -->","yoast_head_json":{"title":"Duftstoffe - VISIPLAST","robots":{"index":"index","follow":"follow","max-snippet":"max-snippet:-1","max-image-preview":"max-image-preview:large","max-video-preview":"max-video-preview:-1"},"canonical":"https:\/\/visiplast.com\/de\/produit\/duftstoffe\/","og_locale":"de_DE","og_type":"article","og_title":"Duftstoffe - VISIPLAST","og_description":"Duftstoffe Um Ihren Ideen eine vierte Dimension hinzuzuf\u00fcgen, produzieren wir duftende thermoplastische Elastomere in Lizenz. Ein zus\u00e4tzliches Hilfsmittel, um Ihre Kunden zu verf\u00fchren. Die Dauer der Duftabgabe der auf diese Weise hergestellten Objekte betr\u00e4gt etwa 12 Monate. Die Verwendung des Geruchssinns verst\u00e4rkt den Memory-Effekt.  Mit Partnerfirmen entwickelte Produkte.","og_url":"https:\/\/visiplast.com\/de\/produit\/duftstoffe\/","og_site_name":"VISIPLAST","article_modified_time":"2020-10-12T13:48:14+00:00","og_image":[{"width":700,"height":600,"url":"https:\/\/visiplast.com\/wp-content\/uploads\/2021\/01\/Mati\u00e8res-parfum\u00e9es.jpg","type":"image\/jpeg"}],"twitter_card":"summary_large_image","schema":{"@context":"https:\/\/schema.org","@graph":[{"@type":"WebPage","@id":"https:\/\/visiplast.com\/de\/produit\/duftstoffe\/","url":"https:\/\/visiplast.com\/de\/produit\/duftstoffe\/","name":"Duftstoffe - VISIPLAST","isPartOf":{"@id":"https:\/\/visiplast.com\/#website"},"primaryImageOfPage":{"@id":"https:\/\/visiplast.com\/de\/produit\/duftstoffe\/#primaryimage"},"image":{"@id":"https:\/\/visiplast.com\/de\/produit\/duftstoffe\/#primaryimage"},"thumbnailUrl":"https:\/\/visiplast.com\/wp-content\/uploads\/2021\/01\/Mati\u00e8res-parfum\u00e9es.jpg","datePublished":"2020-10-12T13:48:05+00:00","dateModified":"2020-10-12T13:48:14+00:00","breadcrumb":{"@id":"https:\/\/visiplast.com\/de\/produit\/duftstoffe\/#breadcrumb"},"inLanguage":"de","potentialAction":[{"@type":"ReadAction","target":["https:\/\/visiplast.com\/de\/produit\/duftstoffe\/"]}]},{"@type":"ImageObject","inLanguage":"de","@id":"https:\/\/visiplast.com\/de\/produit\/duftstoffe\/#primaryimage","url":"https:\/\/visiplast.com\/wp-content\/uploads\/2021\/01\/Mati\u00e8res-parfum\u00e9es.jpg","contentUrl":"https:\/\/visiplast.com\/wp-content\/uploads\/2021\/01\/Mati\u00e8res-parfum\u00e9es.jpg","width":700,"height":600},{"@type":"BreadcrumbList","@id":"https:\/\/visiplast.com\/de\/produit\/duftstoffe\/#breadcrumb","itemListElement":[{"@type":"ListItem","position":1,"name":"Accueil","item":"https:\/\/visiplast.com\/"},{"@type":"ListItem","position":2,"name":"Notre catalogue","item":"https:\/\/visiplast.com\/catalogue\/"},{"@type":"ListItem","position":3,"name":"Duftstoffe"}]},{"@type":"WebSite","@id":"https:\/\/visiplast.com\/#website","url":"https:\/\/visiplast.com\/","name":"VISIPLAST","description":"Un site utilisant WordPress","potentialAction":[{"@type":"SearchAction","target":{"@type":"EntryPoint","urlTemplate":"https:\/\/visiplast.com\/?s={search_term_string}"},"query-input":{"@type":"PropertyValueSpecification","valueRequired":true,"valueName":"search_term_string"}}],"inLanguage":"de"}]}},"_links":{"self":[{"href":"https:\/\/visiplast.com\/de\/wp-json\/wp\/v2\/product\/12497"}],"collection":[{"href":"https:\/\/visiplast.com\/de\/wp-json\/wp\/v2\/product"}],"about":[{"href":"https:\/\/visiplast.com\/de\/wp-json\/wp\/v2\/types\/product"}],"wp:featuredmedia":[{"embeddable":true,"href":"https:\/\/visiplast.com\/de\/wp-json\/wp\/v2\/media\/14862"}],"wp:attachment":[{"href":"https:\/\/visiplast.com\/de\/wp-json\/wp\/v2\/media?parent=12497"}],"wp:term":[{"taxonomy":"product_cat","embeddable":true,"href":"https:\/\/visiplast.com\/de\/wp-json\/wp\/v2\/product_cat?post=12497"},{"taxonomy":"product_tag","embeddable":true,"href":"https:\/\/visiplast.com\/de\/wp-json\/wp\/v2\/product_tag?post=12497"}],"curies":[{"name":"wp","href":"https:\/\/api.w.org\/{rel}","templated":true}]}}