{"id":12460,"date":"2020-10-12T15:35:23","date_gmt":"2020-10-12T13:47:54","guid":{"rendered":"https:\/\/visiplast.com\/product\/quadrat-fuer-objekte-zum-aufhaengen\/"},"modified":"2020-10-12T15:47:55","modified_gmt":"2020-10-12T13:47:55","slug":"quadrat-fuer-objekte-zum-aufhaengen","status":"publish","type":"product","link":"https:\/\/visiplast.com\/de\/produit\/quadrat-fuer-objekte-zum-aufhaengen\/","title":{"rendered":"Quadrat f\u00fcr Objekte zum Aufh\u00e4ngen"},"content":{"rendered":"<p>Quadratischer Tr\u00e4ger 60 x 60 mm mit oder ohne Klebeband, der das Aufh\u00e4ngen von Gegenst\u00e4nden oder Bildmaterial erm\u00f6glicht.<\/p>\n","protected":false},"excerpt":{"rendered":"<p>Quadratischer Tr\u00e4ger 60 x 60 mm mit oder ohne Klebeband, der das Aufh\u00e4ngen von Gegenst\u00e4nden oder Bildmaterial erm\u00f6glicht.<\/p>\n","protected":false},"featured_media":14817,"template":"","meta":[],"product_cat":[163,172],"product_tag":[],"class_list":{"0":"post-12460","1":"product","2":"type-product","3":"status-publish","4":"has-post-thumbnail","6":"product_cat-erganzen","7":"product_cat-zubehor","9":"first","10":"instock","11":"product-type-simple"},"yoast_head":"<!-- This site is optimized with the Yoast SEO plugin v25.3.1 - https:\/\/yoast.com\/wordpress\/plugins\/seo\/ -->\n<title>Quadrat f\u00fcr Objekte zum Aufh\u00e4ngen - VISIPLAST<\/title>\n<meta name=\"robots\" content=\"index, follow, max-snippet:-1, max-image-preview:large, max-video-preview:-1\" \/>\n<link rel=\"canonical\" href=\"https:\/\/visiplast.com\/de\/produit\/quadrat-fuer-objekte-zum-aufhaengen\/\" \/>\n<meta property=\"og:locale\" content=\"de_DE\" \/>\n<meta property=\"og:type\" content=\"article\" \/>\n<meta property=\"og:title\" content=\"Quadrat f\u00fcr Objekte zum Aufh\u00e4ngen - VISIPLAST\" \/>\n<meta property=\"og:description\" content=\"Quadratischer Tr\u00e4ger 60 x 60 mm mit oder ohne Klebeband, der das Aufh\u00e4ngen von Gegenst\u00e4nden oder Bildmaterial erm\u00f6glicht.\" \/>\n<meta property=\"og:url\" content=\"https:\/\/visiplast.com\/de\/produit\/quadrat-fuer-objekte-zum-aufhaengen\/\" \/>\n<meta property=\"og:site_name\" content=\"VISIPLAST\" \/>\n<meta property=\"article:modified_time\" content=\"2020-10-12T13:47:55+00:00\" \/>\n<meta property=\"og:image\" content=\"https:\/\/visiplast.com\/wp-content\/uploads\/2021\/01\/WRT-06-020.jpg\" \/>\n\t<meta property=\"og:image:width\" content=\"700\" \/>\n\t<meta property=\"og:image:height\" content=\"600\" \/>\n\t<meta property=\"og:image:type\" content=\"image\/jpeg\" \/>\n<meta name=\"twitter:card\" content=\"summary_large_image\" \/>\n<script type=\"application\/ld+json\" class=\"yoast-schema-graph\">{\"@context\":\"https:\/\/schema.org\",\"@graph\":[{\"@type\":\"WebPage\",\"@id\":\"https:\/\/visiplast.com\/de\/produit\/quadrat-fuer-objekte-zum-aufhaengen\/\",\"url\":\"https:\/\/visiplast.com\/de\/produit\/quadrat-fuer-objekte-zum-aufhaengen\/\",\"name\":\"Quadrat f\u00fcr Objekte zum Aufh\u00e4ngen - VISIPLAST\",\"isPartOf\":{\"@id\":\"https:\/\/visiplast.com\/#website\"},\"primaryImageOfPage\":{\"@id\":\"https:\/\/visiplast.com\/de\/produit\/quadrat-fuer-objekte-zum-aufhaengen\/#primaryimage\"},\"image\":{\"@id\":\"https:\/\/visiplast.com\/de\/produit\/quadrat-fuer-objekte-zum-aufhaengen\/#primaryimage\"},\"thumbnailUrl\":\"https:\/\/visiplast.com\/wp-content\/uploads\/2021\/01\/WRT-06-020.jpg\",\"datePublished\":\"2020-10-12T13:47:54+00:00\",\"dateModified\":\"2020-10-12T13:47:55+00:00\",\"breadcrumb\":{\"@id\":\"https:\/\/visiplast.com\/de\/produit\/quadrat-fuer-objekte-zum-aufhaengen\/#breadcrumb\"},\"inLanguage\":\"de\",\"potentialAction\":[{\"@type\":\"ReadAction\",\"target\":[\"https:\/\/visiplast.com\/de\/produit\/quadrat-fuer-objekte-zum-aufhaengen\/\"]}]},{\"@type\":\"ImageObject\",\"inLanguage\":\"de\",\"@id\":\"https:\/\/visiplast.com\/de\/produit\/quadrat-fuer-objekte-zum-aufhaengen\/#primaryimage\",\"url\":\"https:\/\/visiplast.com\/wp-content\/uploads\/2021\/01\/WRT-06-020.jpg\",\"contentUrl\":\"https:\/\/visiplast.com\/wp-content\/uploads\/2021\/01\/WRT-06-020.jpg\",\"width\":700,\"height\":600},{\"@type\":\"BreadcrumbList\",\"@id\":\"https:\/\/visiplast.com\/de\/produit\/quadrat-fuer-objekte-zum-aufhaengen\/#breadcrumb\",\"itemListElement\":[{\"@type\":\"ListItem\",\"position\":1,\"name\":\"Accueil\",\"item\":\"https:\/\/visiplast.com\/\"},{\"@type\":\"ListItem\",\"position\":2,\"name\":\"Notre catalogue\",\"item\":\"https:\/\/visiplast.com\/catalogue\/\"},{\"@type\":\"ListItem\",\"position\":3,\"name\":\"Quadrat f\u00fcr Objekte zum Aufh\u00e4ngen\"}]},{\"@type\":\"WebSite\",\"@id\":\"https:\/\/visiplast.com\/#website\",\"url\":\"https:\/\/visiplast.com\/\",\"name\":\"VISIPLAST\",\"description\":\"Un site utilisant WordPress\",\"potentialAction\":[{\"@type\":\"SearchAction\",\"target\":{\"@type\":\"EntryPoint\",\"urlTemplate\":\"https:\/\/visiplast.com\/?s={search_term_string}\"},\"query-input\":{\"@type\":\"PropertyValueSpecification\",\"valueRequired\":true,\"valueName\":\"search_term_string\"}}],\"inLanguage\":\"de\"}]}<\/script>\n<!-- \/ Yoast SEO plugin. -->","yoast_head_json":{"title":"Quadrat f\u00fcr Objekte zum Aufh\u00e4ngen - VISIPLAST","robots":{"index":"index","follow":"follow","max-snippet":"max-snippet:-1","max-image-preview":"max-image-preview:large","max-video-preview":"max-video-preview:-1"},"canonical":"https:\/\/visiplast.com\/de\/produit\/quadrat-fuer-objekte-zum-aufhaengen\/","og_locale":"de_DE","og_type":"article","og_title":"Quadrat f\u00fcr Objekte zum Aufh\u00e4ngen - VISIPLAST","og_description":"Quadratischer Tr\u00e4ger 60 x 60 mm mit oder ohne Klebeband, der das Aufh\u00e4ngen von Gegenst\u00e4nden oder Bildmaterial erm\u00f6glicht.","og_url":"https:\/\/visiplast.com\/de\/produit\/quadrat-fuer-objekte-zum-aufhaengen\/","og_site_name":"VISIPLAST","article_modified_time":"2020-10-12T13:47:55+00:00","og_image":[{"width":700,"height":600,"url":"https:\/\/visiplast.com\/wp-content\/uploads\/2021\/01\/WRT-06-020.jpg","type":"image\/jpeg"}],"twitter_card":"summary_large_image","schema":{"@context":"https:\/\/schema.org","@graph":[{"@type":"WebPage","@id":"https:\/\/visiplast.com\/de\/produit\/quadrat-fuer-objekte-zum-aufhaengen\/","url":"https:\/\/visiplast.com\/de\/produit\/quadrat-fuer-objekte-zum-aufhaengen\/","name":"Quadrat f\u00fcr Objekte zum Aufh\u00e4ngen - VISIPLAST","isPartOf":{"@id":"https:\/\/visiplast.com\/#website"},"primaryImageOfPage":{"@id":"https:\/\/visiplast.com\/de\/produit\/quadrat-fuer-objekte-zum-aufhaengen\/#primaryimage"},"image":{"@id":"https:\/\/visiplast.com\/de\/produit\/quadrat-fuer-objekte-zum-aufhaengen\/#primaryimage"},"thumbnailUrl":"https:\/\/visiplast.com\/wp-content\/uploads\/2021\/01\/WRT-06-020.jpg","datePublished":"2020-10-12T13:47:54+00:00","dateModified":"2020-10-12T13:47:55+00:00","breadcrumb":{"@id":"https:\/\/visiplast.com\/de\/produit\/quadrat-fuer-objekte-zum-aufhaengen\/#breadcrumb"},"inLanguage":"de","potentialAction":[{"@type":"ReadAction","target":["https:\/\/visiplast.com\/de\/produit\/quadrat-fuer-objekte-zum-aufhaengen\/"]}]},{"@type":"ImageObject","inLanguage":"de","@id":"https:\/\/visiplast.com\/de\/produit\/quadrat-fuer-objekte-zum-aufhaengen\/#primaryimage","url":"https:\/\/visiplast.com\/wp-content\/uploads\/2021\/01\/WRT-06-020.jpg","contentUrl":"https:\/\/visiplast.com\/wp-content\/uploads\/2021\/01\/WRT-06-020.jpg","width":700,"height":600},{"@type":"BreadcrumbList","@id":"https:\/\/visiplast.com\/de\/produit\/quadrat-fuer-objekte-zum-aufhaengen\/#breadcrumb","itemListElement":[{"@type":"ListItem","position":1,"name":"Accueil","item":"https:\/\/visiplast.com\/"},{"@type":"ListItem","position":2,"name":"Notre catalogue","item":"https:\/\/visiplast.com\/catalogue\/"},{"@type":"ListItem","position":3,"name":"Quadrat f\u00fcr Objekte zum Aufh\u00e4ngen"}]},{"@type":"WebSite","@id":"https:\/\/visiplast.com\/#website","url":"https:\/\/visiplast.com\/","name":"VISIPLAST","description":"Un site utilisant WordPress","potentialAction":[{"@type":"SearchAction","target":{"@type":"EntryPoint","urlTemplate":"https:\/\/visiplast.com\/?s={search_term_string}"},"query-input":{"@type":"PropertyValueSpecification","valueRequired":true,"valueName":"search_term_string"}}],"inLanguage":"de"}]}},"_links":{"self":[{"href":"https:\/\/visiplast.com\/de\/wp-json\/wp\/v2\/product\/12460"}],"collection":[{"href":"https:\/\/visiplast.com\/de\/wp-json\/wp\/v2\/product"}],"about":[{"href":"https:\/\/visiplast.com\/de\/wp-json\/wp\/v2\/types\/product"}],"wp:featuredmedia":[{"embeddable":true,"href":"https:\/\/visiplast.com\/de\/wp-json\/wp\/v2\/media\/14817"}],"wp:attachment":[{"href":"https:\/\/visiplast.com\/de\/wp-json\/wp\/v2\/media?parent=12460"}],"wp:term":[{"taxonomy":"product_cat","embeddable":true,"href":"https:\/\/visiplast.com\/de\/wp-json\/wp\/v2\/product_cat?post=12460"},{"taxonomy":"product_tag","embeddable":true,"href":"https:\/\/visiplast.com\/de\/wp-json\/wp\/v2\/product_tag?post=12460"}],"curies":[{"name":"wp","href":"https:\/\/api.w.org\/{rel}","templated":true}]}}