{"id":12404,"date":"2020-10-12T15:34:59","date_gmt":"2020-10-12T13:47:20","guid":{"rendered":"https:\/\/visiplast.com\/product\/farbige-oder-transparente-pvc-rollen\/"},"modified":"2021-02-03T17:19:19","modified_gmt":"2021-02-03T16:19:19","slug":"farbige-oder-transparente-pvc-rollen","status":"publish","type":"product","link":"https:\/\/visiplast.com\/de\/produit\/farbige-oder-transparente-pvc-rollen\/","title":{"rendered":"Farbige PVC-Rollen &#8211; H\u00f6he 38 mm L\u00e4nge 50 m"},"content":{"rendered":"<p>K\u00f6nnen in die Profile geschoben werden, so dass Sie die Hintergrundfarbe Ihrer Etikettenhalter \u00e4ndern k\u00f6nnen.<\/p>\n<p>H\u00f6he 38 mm L\u00e4nge 50 m<\/p>\n<p>Die drei Ziffern &#8222;000&#8220; am Ende der Artikel Nr. geben die Farbe an.<\/p>\n<p>Transparent -000<br \/>\nSchwarz &#8211; 060<br \/>\nWei\u00df &#8211; 020<br \/>\nPANTONE 109 C &#8211; 050<br \/>\nPANTONE 116 C &#8211; 051<br \/>\nPANTONE 130 C &#8211; 100<br \/>\nPANTONE 151 C &#8211; 101<br \/>\nPANTONE 158 C &#8211; 102<br \/>\nPANTONE 1945 C &#8211; 032<br \/>\nPANTONE 200 C &#8211; 030<br \/>\nPANTONE 250 C &#8211; 140<br \/>\nPANTONE 2587 C &#8211; 160<br \/>\nPANTONE 287 C &#8211; 013<br \/>\nPANTONE 2925 C &#8211; 014<br \/>\nPANTONE 2945 C &#8211; 015<br \/>\nPANTONE 297 C &#8211; 011<br \/>\nPANTONE 301 C &#8211; 012<br \/>\nPANTONE 349 C &#8211; 041<br \/>\nPANTONE 361 C &#8211; 042<br \/>\nPANTONE 362 C &#8211; 043<br \/>\nPANTONE 430 C &#8211; 081<br \/>\nPANTONE 431 C &#8211; 080<br \/>\nPANTONE 473 C &#8211; 130<br \/>\nPANTONE 476 C &#8211; 110<br \/>\nPANTONE 504 C &#8211; 031<br \/>\nPANTONE 7506 C &#8211; 070<br \/>\nGold \/ Silber &#8211; 150<\/p>\n<p>Andere Farben und Breiten auf Anfrage.<\/p>\n","protected":false},"excerpt":{"rendered":"<p>K\u00f6nnen in die Profile geschoben werden, so dass Sie die Hintergrundfarbe Ihrer Etikettenhalter \u00e4ndern k\u00f6nnen.<\/p>\n<p>H\u00f6he 38 mm L\u00e4nge 50 m<\/p>\n<p>Die drei Ziffern &#8222;000&#8220; am Ende der Artikel Nr. geben die Farbe an.<\/p>\n<p>Transparent -000<br \/>\nSchwarz &#8211; 060<br \/>\nWei\u00df &#8211; 020<br \/>\nPANTONE 109 C &#8211; 050<br \/>\nPANTONE 116 C &#8211; 051<br \/>\nPANTONE 130 C &#8211; 100<br \/>\nPANTONE 151 C &#8211; 101<br \/>\nPANTONE 158 C &#8211; 102<br \/>\nPANTONE 1945 C &#8211; 032<br \/>\nPANTONE 200 C &#8211; 030<br \/>\nPANTONE 250 C &#8211; 140<br \/>\nPANTONE 2587 C &#8211; 160<br \/>\nPANTONE 287 C &#8211; 013<br \/>\nPANTONE 2925 C &#8211; 014<br \/>\nPANTONE 2945 C &#8211; 015<br \/>\nPANTONE 297 C &#8211; 011<br \/>\nPANTONE 301 C &#8211; 012<br \/>\nPANTONE 349 C &#8211; 041<br \/>\nPANTONE 361 C &#8211; 042<br \/>\nPANTONE 362 C &#8211; 043<br \/>\nPANTONE 430 C &#8211; 081<br \/>\nPANTONE 431 C &#8211; 080<br \/>\nPANTONE 473 C &#8211; 130<br \/>\nPANTONE 476 C &#8211; 110<br \/>\nPANTONE 504 C &#8211; 031<br \/>\nPANTONE 7506 C &#8211; 070<br \/>\nGold \/ Silber &#8211; 150<\/p>\n<p>Andere Farben und Breiten auf Anfrage.<\/p>\n","protected":false},"featured_media":14721,"template":"","meta":[],"product_cat":[163,166],"product_tag":[],"class_list":{"0":"post-12404","1":"product","2":"type-product","3":"status-publish","4":"has-post-thumbnail","6":"product_cat-erganzen","7":"product_cat-zubehor-fur-etikettenhalter","9":"first","10":"instock","11":"purchasable","12":"product-type-variable"},"yoast_head":"<!-- This site is optimized with the Yoast SEO plugin v25.3.1 - https:\/\/yoast.com\/wordpress\/plugins\/seo\/ -->\n<title>Farbige PVC-Rollen - H\u00f6he 38 mm L\u00e4nge 50 m - VISIPLAST<\/title>\n<meta name=\"robots\" content=\"index, follow, max-snippet:-1, max-image-preview:large, max-video-preview:-1\" \/>\n<link rel=\"canonical\" href=\"https:\/\/visiplast.com\/de\/produit\/farbige-oder-transparente-pvc-rollen\/\" \/>\n<meta property=\"og:locale\" content=\"de_DE\" \/>\n<meta property=\"og:type\" content=\"article\" \/>\n<meta property=\"og:title\" content=\"Farbige PVC-Rollen - H\u00f6he 38 mm L\u00e4nge 50 m - VISIPLAST\" \/>\n<meta property=\"og:description\" content=\"K\u00f6nnen in die Profile geschoben werden, so dass Sie die Hintergrundfarbe Ihrer Etikettenhalter \u00e4ndern k\u00f6nnen.  H\u00f6he 38 mm L\u00e4nge 50 m  Die drei Ziffern &quot;000&quot; am Ende der Artikel Nr. geben die Farbe an.  Transparent -000 Schwarz - 060 Wei\u00df - 020 PANTONE 109 C - 050 PANTONE 116 C - 051 PANTONE 130 C - 100 PANTONE 151 C - 101 PANTONE 158 C - 102 PANTONE 1945 C - 032 PANTONE 200 C - 030 PANTONE 250 C - 140 PANTONE 2587 C - 160 PANTONE 287 C - 013 PANTONE 2925 C - 014 PANTONE 2945 C - 015 PANTONE 297 C - 011 PANTONE 301 C - 012 PANTONE 349 C - 041 PANTONE 361 C - 042 PANTONE 362 C - 043 PANTONE 430 C - 081 PANTONE 431 C - 080 PANTONE 473 C - 130 PANTONE 476 C - 110 PANTONE 504 C - 031 PANTONE 7506 C - 070 Gold \/ Silber - 150  Andere Farben und Breiten auf Anfrage.\" \/>\n<meta property=\"og:url\" content=\"https:\/\/visiplast.com\/de\/produit\/farbige-oder-transparente-pvc-rollen\/\" \/>\n<meta property=\"og:site_name\" content=\"VISIPLAST\" \/>\n<meta property=\"article:modified_time\" content=\"2021-02-03T16:19:19+00:00\" \/>\n<meta property=\"og:image\" content=\"https:\/\/visiplast.com\/wp-content\/uploads\/2021\/01\/RLX.jpg\" \/>\n\t<meta property=\"og:image:width\" content=\"700\" \/>\n\t<meta property=\"og:image:height\" content=\"600\" \/>\n\t<meta property=\"og:image:type\" content=\"image\/jpeg\" \/>\n<meta name=\"twitter:card\" content=\"summary_large_image\" \/>\n<meta name=\"twitter:label1\" content=\"Gesch\u00e4tzte Lesezeit\" \/>\n\t<meta name=\"twitter:data1\" content=\"1\u00a0Minute\" \/>\n<script type=\"application\/ld+json\" class=\"yoast-schema-graph\">{\"@context\":\"https:\/\/schema.org\",\"@graph\":[{\"@type\":\"WebPage\",\"@id\":\"https:\/\/visiplast.com\/de\/produit\/farbige-oder-transparente-pvc-rollen\/\",\"url\":\"https:\/\/visiplast.com\/de\/produit\/farbige-oder-transparente-pvc-rollen\/\",\"name\":\"Farbige PVC-Rollen - H\u00f6he 38 mm L\u00e4nge 50 m - VISIPLAST\",\"isPartOf\":{\"@id\":\"https:\/\/visiplast.com\/#website\"},\"primaryImageOfPage\":{\"@id\":\"https:\/\/visiplast.com\/de\/produit\/farbige-oder-transparente-pvc-rollen\/#primaryimage\"},\"image\":{\"@id\":\"https:\/\/visiplast.com\/de\/produit\/farbige-oder-transparente-pvc-rollen\/#primaryimage\"},\"thumbnailUrl\":\"https:\/\/visiplast.com\/wp-content\/uploads\/2021\/01\/RLX.jpg\",\"datePublished\":\"2020-10-12T13:47:20+00:00\",\"dateModified\":\"2021-02-03T16:19:19+00:00\",\"breadcrumb\":{\"@id\":\"https:\/\/visiplast.com\/de\/produit\/farbige-oder-transparente-pvc-rollen\/#breadcrumb\"},\"inLanguage\":\"de\",\"potentialAction\":[{\"@type\":\"ReadAction\",\"target\":[\"https:\/\/visiplast.com\/de\/produit\/farbige-oder-transparente-pvc-rollen\/\"]}]},{\"@type\":\"ImageObject\",\"inLanguage\":\"de\",\"@id\":\"https:\/\/visiplast.com\/de\/produit\/farbige-oder-transparente-pvc-rollen\/#primaryimage\",\"url\":\"https:\/\/visiplast.com\/wp-content\/uploads\/2021\/01\/RLX.jpg\",\"contentUrl\":\"https:\/\/visiplast.com\/wp-content\/uploads\/2021\/01\/RLX.jpg\",\"width\":700,\"height\":600},{\"@type\":\"BreadcrumbList\",\"@id\":\"https:\/\/visiplast.com\/de\/produit\/farbige-oder-transparente-pvc-rollen\/#breadcrumb\",\"itemListElement\":[{\"@type\":\"ListItem\",\"position\":1,\"name\":\"Accueil\",\"item\":\"https:\/\/visiplast.com\/\"},{\"@type\":\"ListItem\",\"position\":2,\"name\":\"Notre catalogue\",\"item\":\"https:\/\/visiplast.com\/catalogue\/\"},{\"@type\":\"ListItem\",\"position\":3,\"name\":\"Farbige PVC-Rollen &#8211; H\u00f6he 38 mm L\u00e4nge 50 m\"}]},{\"@type\":\"WebSite\",\"@id\":\"https:\/\/visiplast.com\/#website\",\"url\":\"https:\/\/visiplast.com\/\",\"name\":\"VISIPLAST\",\"description\":\"Un site utilisant WordPress\",\"potentialAction\":[{\"@type\":\"SearchAction\",\"target\":{\"@type\":\"EntryPoint\",\"urlTemplate\":\"https:\/\/visiplast.com\/?s={search_term_string}\"},\"query-input\":{\"@type\":\"PropertyValueSpecification\",\"valueRequired\":true,\"valueName\":\"search_term_string\"}}],\"inLanguage\":\"de\"}]}<\/script>\n<!-- \/ Yoast SEO plugin. -->","yoast_head_json":{"title":"Farbige PVC-Rollen - H\u00f6he 38 mm L\u00e4nge 50 m - VISIPLAST","robots":{"index":"index","follow":"follow","max-snippet":"max-snippet:-1","max-image-preview":"max-image-preview:large","max-video-preview":"max-video-preview:-1"},"canonical":"https:\/\/visiplast.com\/de\/produit\/farbige-oder-transparente-pvc-rollen\/","og_locale":"de_DE","og_type":"article","og_title":"Farbige PVC-Rollen - H\u00f6he 38 mm L\u00e4nge 50 m - VISIPLAST","og_description":"K\u00f6nnen in die Profile geschoben werden, so dass Sie die Hintergrundfarbe Ihrer Etikettenhalter \u00e4ndern k\u00f6nnen.  H\u00f6he 38 mm L\u00e4nge 50 m  Die drei Ziffern \"000\" am Ende der Artikel Nr. geben die Farbe an.  Transparent -000 Schwarz - 060 Wei\u00df - 020 PANTONE 109 C - 050 PANTONE 116 C - 051 PANTONE 130 C - 100 PANTONE 151 C - 101 PANTONE 158 C - 102 PANTONE 1945 C - 032 PANTONE 200 C - 030 PANTONE 250 C - 140 PANTONE 2587 C - 160 PANTONE 287 C - 013 PANTONE 2925 C - 014 PANTONE 2945 C - 015 PANTONE 297 C - 011 PANTONE 301 C - 012 PANTONE 349 C - 041 PANTONE 361 C - 042 PANTONE 362 C - 043 PANTONE 430 C - 081 PANTONE 431 C - 080 PANTONE 473 C - 130 PANTONE 476 C - 110 PANTONE 504 C - 031 PANTONE 7506 C - 070 Gold \/ Silber - 150  Andere Farben und Breiten auf Anfrage.","og_url":"https:\/\/visiplast.com\/de\/produit\/farbige-oder-transparente-pvc-rollen\/","og_site_name":"VISIPLAST","article_modified_time":"2021-02-03T16:19:19+00:00","og_image":[{"width":700,"height":600,"url":"https:\/\/visiplast.com\/wp-content\/uploads\/2021\/01\/RLX.jpg","type":"image\/jpeg"}],"twitter_card":"summary_large_image","twitter_misc":{"Gesch\u00e4tzte Lesezeit":"1\u00a0Minute"},"schema":{"@context":"https:\/\/schema.org","@graph":[{"@type":"WebPage","@id":"https:\/\/visiplast.com\/de\/produit\/farbige-oder-transparente-pvc-rollen\/","url":"https:\/\/visiplast.com\/de\/produit\/farbige-oder-transparente-pvc-rollen\/","name":"Farbige PVC-Rollen - H\u00f6he 38 mm L\u00e4nge 50 m - VISIPLAST","isPartOf":{"@id":"https:\/\/visiplast.com\/#website"},"primaryImageOfPage":{"@id":"https:\/\/visiplast.com\/de\/produit\/farbige-oder-transparente-pvc-rollen\/#primaryimage"},"image":{"@id":"https:\/\/visiplast.com\/de\/produit\/farbige-oder-transparente-pvc-rollen\/#primaryimage"},"thumbnailUrl":"https:\/\/visiplast.com\/wp-content\/uploads\/2021\/01\/RLX.jpg","datePublished":"2020-10-12T13:47:20+00:00","dateModified":"2021-02-03T16:19:19+00:00","breadcrumb":{"@id":"https:\/\/visiplast.com\/de\/produit\/farbige-oder-transparente-pvc-rollen\/#breadcrumb"},"inLanguage":"de","potentialAction":[{"@type":"ReadAction","target":["https:\/\/visiplast.com\/de\/produit\/farbige-oder-transparente-pvc-rollen\/"]}]},{"@type":"ImageObject","inLanguage":"de","@id":"https:\/\/visiplast.com\/de\/produit\/farbige-oder-transparente-pvc-rollen\/#primaryimage","url":"https:\/\/visiplast.com\/wp-content\/uploads\/2021\/01\/RLX.jpg","contentUrl":"https:\/\/visiplast.com\/wp-content\/uploads\/2021\/01\/RLX.jpg","width":700,"height":600},{"@type":"BreadcrumbList","@id":"https:\/\/visiplast.com\/de\/produit\/farbige-oder-transparente-pvc-rollen\/#breadcrumb","itemListElement":[{"@type":"ListItem","position":1,"name":"Accueil","item":"https:\/\/visiplast.com\/"},{"@type":"ListItem","position":2,"name":"Notre catalogue","item":"https:\/\/visiplast.com\/catalogue\/"},{"@type":"ListItem","position":3,"name":"Farbige PVC-Rollen &#8211; H\u00f6he 38 mm L\u00e4nge 50 m"}]},{"@type":"WebSite","@id":"https:\/\/visiplast.com\/#website","url":"https:\/\/visiplast.com\/","name":"VISIPLAST","description":"Un site utilisant WordPress","potentialAction":[{"@type":"SearchAction","target":{"@type":"EntryPoint","urlTemplate":"https:\/\/visiplast.com\/?s={search_term_string}"},"query-input":{"@type":"PropertyValueSpecification","valueRequired":true,"valueName":"search_term_string"}}],"inLanguage":"de"}]}},"_links":{"self":[{"href":"https:\/\/visiplast.com\/de\/wp-json\/wp\/v2\/product\/12404"}],"collection":[{"href":"https:\/\/visiplast.com\/de\/wp-json\/wp\/v2\/product"}],"about":[{"href":"https:\/\/visiplast.com\/de\/wp-json\/wp\/v2\/types\/product"}],"wp:featuredmedia":[{"embeddable":true,"href":"https:\/\/visiplast.com\/de\/wp-json\/wp\/v2\/media\/14721"}],"wp:attachment":[{"href":"https:\/\/visiplast.com\/de\/wp-json\/wp\/v2\/media?parent=12404"}],"wp:term":[{"taxonomy":"product_cat","embeddable":true,"href":"https:\/\/visiplast.com\/de\/wp-json\/wp\/v2\/product_cat?post=12404"},{"taxonomy":"product_tag","embeddable":true,"href":"https:\/\/visiplast.com\/de\/wp-json\/wp\/v2\/product_tag?post=12404"}],"curies":[{"name":"wp","href":"https:\/\/api.w.org\/{rel}","templated":true}]}}