{"id":12201,"date":"2020-10-12T15:33:38","date_gmt":"2020-10-12T13:45:28","guid":{"rendered":"https:\/\/visiplast.com\/product\/etikettenhalter-fuer-rohre-2\/"},"modified":"2021-04-20T09:59:42","modified_gmt":"2021-04-20T07:59:42","slug":"etikettenhalter-fuer-rohre-2","status":"publish","type":"product","link":"https:\/\/visiplast.com\/de\/produit\/etikettenhalter-fuer-rohre-2\/","title":{"rendered":"Etikettenhalter f\u00fcr Rohre"},"content":{"rendered":"<p>Ideal f\u00fcr die Anzeige eines Preises oder eines Bildmaterials auf einer R\u00f6hre. Etikettenhalter mit wei\u00dfem Untergrund, Etikettenl\u00e4nge: 60 mm, H\u00f6he: 40 mm.<\/p>\n<p>Andere Farben oder Gr\u00f6\u00dfen auf Anfrage.<\/p>\n","protected":false},"excerpt":{"rendered":"<p>Ideal f\u00fcr die Anzeige eines Preises oder eines Bildmaterials auf einer R\u00f6hre. Etikettenhalter mit wei\u00dfem Untergrund, Etikettenl\u00e4nge: 60 mm, H\u00f6he: 40 mm.<\/p>\n<p>Andere Farben oder Gr\u00f6\u00dfen auf Anfrage.<\/p>\n","protected":false},"featured_media":13473,"template":"","meta":[],"product_cat":[123,107],"product_tag":[],"class_list":{"0":"post-12201","1":"product","2":"type-product","3":"status-publish","4":"has-post-thumbnail","6":"product_cat-etikettenhalter-fur-haken-und-metalldrahte","7":"product_cat-etikettieren","9":"first","10":"instock","11":"purchasable","12":"product-type-variable"},"yoast_head":"<!-- This site is optimized with the Yoast SEO plugin v25.3.1 - https:\/\/yoast.com\/wordpress\/plugins\/seo\/ -->\n<title>Etikettenhalter f\u00fcr Rohre - VISIPLAST<\/title>\n<meta name=\"robots\" content=\"index, follow, max-snippet:-1, max-image-preview:large, max-video-preview:-1\" \/>\n<link rel=\"canonical\" href=\"https:\/\/visiplast.com\/de\/produit\/etikettenhalter-fuer-rohre-2\/\" \/>\n<meta property=\"og:locale\" content=\"de_DE\" \/>\n<meta property=\"og:type\" content=\"article\" \/>\n<meta property=\"og:title\" content=\"Etikettenhalter f\u00fcr Rohre - VISIPLAST\" \/>\n<meta property=\"og:description\" content=\"Ideal f\u00fcr die Anzeige eines Preises oder eines Bildmaterials auf einer R\u00f6hre. Etikettenhalter mit wei\u00dfem Untergrund, Etikettenl\u00e4nge: 60 mm, H\u00f6he: 40 mm.  Andere Farben oder Gr\u00f6\u00dfen auf Anfrage.\" \/>\n<meta property=\"og:url\" content=\"https:\/\/visiplast.com\/de\/produit\/etikettenhalter-fuer-rohre-2\/\" \/>\n<meta property=\"og:site_name\" content=\"VISIPLAST\" \/>\n<meta property=\"article:modified_time\" content=\"2021-04-20T07:59:42+00:00\" \/>\n<meta property=\"og:image\" content=\"https:\/\/visiplast.com\/wp-content\/uploads\/2020\/11\/PEC-15-040-1.jpg\" \/>\n\t<meta property=\"og:image:width\" content=\"700\" \/>\n\t<meta property=\"og:image:height\" content=\"600\" \/>\n\t<meta property=\"og:image:type\" content=\"image\/jpeg\" \/>\n<meta name=\"twitter:card\" content=\"summary_large_image\" \/>\n<script type=\"application\/ld+json\" class=\"yoast-schema-graph\">{\"@context\":\"https:\/\/schema.org\",\"@graph\":[{\"@type\":\"WebPage\",\"@id\":\"https:\/\/visiplast.com\/de\/produit\/etikettenhalter-fuer-rohre-2\/\",\"url\":\"https:\/\/visiplast.com\/de\/produit\/etikettenhalter-fuer-rohre-2\/\",\"name\":\"Etikettenhalter f\u00fcr Rohre - VISIPLAST\",\"isPartOf\":{\"@id\":\"https:\/\/visiplast.com\/#website\"},\"primaryImageOfPage\":{\"@id\":\"https:\/\/visiplast.com\/de\/produit\/etikettenhalter-fuer-rohre-2\/#primaryimage\"},\"image\":{\"@id\":\"https:\/\/visiplast.com\/de\/produit\/etikettenhalter-fuer-rohre-2\/#primaryimage\"},\"thumbnailUrl\":\"https:\/\/visiplast.com\/wp-content\/uploads\/2020\/11\/PEC-15-040-1.jpg\",\"datePublished\":\"2020-10-12T13:45:28+00:00\",\"dateModified\":\"2021-04-20T07:59:42+00:00\",\"breadcrumb\":{\"@id\":\"https:\/\/visiplast.com\/de\/produit\/etikettenhalter-fuer-rohre-2\/#breadcrumb\"},\"inLanguage\":\"de\",\"potentialAction\":[{\"@type\":\"ReadAction\",\"target\":[\"https:\/\/visiplast.com\/de\/produit\/etikettenhalter-fuer-rohre-2\/\"]}]},{\"@type\":\"ImageObject\",\"inLanguage\":\"de\",\"@id\":\"https:\/\/visiplast.com\/de\/produit\/etikettenhalter-fuer-rohre-2\/#primaryimage\",\"url\":\"https:\/\/visiplast.com\/wp-content\/uploads\/2020\/11\/PEC-15-040-1.jpg\",\"contentUrl\":\"https:\/\/visiplast.com\/wp-content\/uploads\/2020\/11\/PEC-15-040-1.jpg\",\"width\":700,\"height\":600},{\"@type\":\"BreadcrumbList\",\"@id\":\"https:\/\/visiplast.com\/de\/produit\/etikettenhalter-fuer-rohre-2\/#breadcrumb\",\"itemListElement\":[{\"@type\":\"ListItem\",\"position\":1,\"name\":\"Accueil\",\"item\":\"https:\/\/visiplast.com\/\"},{\"@type\":\"ListItem\",\"position\":2,\"name\":\"Notre catalogue\",\"item\":\"https:\/\/visiplast.com\/catalogue\/\"},{\"@type\":\"ListItem\",\"position\":3,\"name\":\"Etikettenhalter f\u00fcr Rohre\"}]},{\"@type\":\"WebSite\",\"@id\":\"https:\/\/visiplast.com\/#website\",\"url\":\"https:\/\/visiplast.com\/\",\"name\":\"VISIPLAST\",\"description\":\"Un site utilisant WordPress\",\"potentialAction\":[{\"@type\":\"SearchAction\",\"target\":{\"@type\":\"EntryPoint\",\"urlTemplate\":\"https:\/\/visiplast.com\/?s={search_term_string}\"},\"query-input\":{\"@type\":\"PropertyValueSpecification\",\"valueRequired\":true,\"valueName\":\"search_term_string\"}}],\"inLanguage\":\"de\"}]}<\/script>\n<!-- \/ Yoast SEO plugin. -->","yoast_head_json":{"title":"Etikettenhalter f\u00fcr Rohre - VISIPLAST","robots":{"index":"index","follow":"follow","max-snippet":"max-snippet:-1","max-image-preview":"max-image-preview:large","max-video-preview":"max-video-preview:-1"},"canonical":"https:\/\/visiplast.com\/de\/produit\/etikettenhalter-fuer-rohre-2\/","og_locale":"de_DE","og_type":"article","og_title":"Etikettenhalter f\u00fcr Rohre - VISIPLAST","og_description":"Ideal f\u00fcr die Anzeige eines Preises oder eines Bildmaterials auf einer R\u00f6hre. Etikettenhalter mit wei\u00dfem Untergrund, Etikettenl\u00e4nge: 60 mm, H\u00f6he: 40 mm.  Andere Farben oder Gr\u00f6\u00dfen auf Anfrage.","og_url":"https:\/\/visiplast.com\/de\/produit\/etikettenhalter-fuer-rohre-2\/","og_site_name":"VISIPLAST","article_modified_time":"2021-04-20T07:59:42+00:00","og_image":[{"width":700,"height":600,"url":"https:\/\/visiplast.com\/wp-content\/uploads\/2020\/11\/PEC-15-040-1.jpg","type":"image\/jpeg"}],"twitter_card":"summary_large_image","schema":{"@context":"https:\/\/schema.org","@graph":[{"@type":"WebPage","@id":"https:\/\/visiplast.com\/de\/produit\/etikettenhalter-fuer-rohre-2\/","url":"https:\/\/visiplast.com\/de\/produit\/etikettenhalter-fuer-rohre-2\/","name":"Etikettenhalter f\u00fcr Rohre - VISIPLAST","isPartOf":{"@id":"https:\/\/visiplast.com\/#website"},"primaryImageOfPage":{"@id":"https:\/\/visiplast.com\/de\/produit\/etikettenhalter-fuer-rohre-2\/#primaryimage"},"image":{"@id":"https:\/\/visiplast.com\/de\/produit\/etikettenhalter-fuer-rohre-2\/#primaryimage"},"thumbnailUrl":"https:\/\/visiplast.com\/wp-content\/uploads\/2020\/11\/PEC-15-040-1.jpg","datePublished":"2020-10-12T13:45:28+00:00","dateModified":"2021-04-20T07:59:42+00:00","breadcrumb":{"@id":"https:\/\/visiplast.com\/de\/produit\/etikettenhalter-fuer-rohre-2\/#breadcrumb"},"inLanguage":"de","potentialAction":[{"@type":"ReadAction","target":["https:\/\/visiplast.com\/de\/produit\/etikettenhalter-fuer-rohre-2\/"]}]},{"@type":"ImageObject","inLanguage":"de","@id":"https:\/\/visiplast.com\/de\/produit\/etikettenhalter-fuer-rohre-2\/#primaryimage","url":"https:\/\/visiplast.com\/wp-content\/uploads\/2020\/11\/PEC-15-040-1.jpg","contentUrl":"https:\/\/visiplast.com\/wp-content\/uploads\/2020\/11\/PEC-15-040-1.jpg","width":700,"height":600},{"@type":"BreadcrumbList","@id":"https:\/\/visiplast.com\/de\/produit\/etikettenhalter-fuer-rohre-2\/#breadcrumb","itemListElement":[{"@type":"ListItem","position":1,"name":"Accueil","item":"https:\/\/visiplast.com\/"},{"@type":"ListItem","position":2,"name":"Notre catalogue","item":"https:\/\/visiplast.com\/catalogue\/"},{"@type":"ListItem","position":3,"name":"Etikettenhalter f\u00fcr Rohre"}]},{"@type":"WebSite","@id":"https:\/\/visiplast.com\/#website","url":"https:\/\/visiplast.com\/","name":"VISIPLAST","description":"Un site utilisant WordPress","potentialAction":[{"@type":"SearchAction","target":{"@type":"EntryPoint","urlTemplate":"https:\/\/visiplast.com\/?s={search_term_string}"},"query-input":{"@type":"PropertyValueSpecification","valueRequired":true,"valueName":"search_term_string"}}],"inLanguage":"de"}]}},"_links":{"self":[{"href":"https:\/\/visiplast.com\/de\/wp-json\/wp\/v2\/product\/12201"}],"collection":[{"href":"https:\/\/visiplast.com\/de\/wp-json\/wp\/v2\/product"}],"about":[{"href":"https:\/\/visiplast.com\/de\/wp-json\/wp\/v2\/types\/product"}],"wp:featuredmedia":[{"embeddable":true,"href":"https:\/\/visiplast.com\/de\/wp-json\/wp\/v2\/media\/13473"}],"wp:attachment":[{"href":"https:\/\/visiplast.com\/de\/wp-json\/wp\/v2\/media?parent=12201"}],"wp:term":[{"taxonomy":"product_cat","embeddable":true,"href":"https:\/\/visiplast.com\/de\/wp-json\/wp\/v2\/product_cat?post=12201"},{"taxonomy":"product_tag","embeddable":true,"href":"https:\/\/visiplast.com\/de\/wp-json\/wp\/v2\/product_tag?post=12201"}],"curies":[{"name":"wp","href":"https:\/\/api.w.org\/{rel}","templated":true}]}}