{"id":12193,"date":"2020-10-12T15:33:29","date_gmt":"2020-10-12T13:45:16","guid":{"rendered":"https:\/\/visiplast.com\/product\/doppelprofil-fuer-haken-oder-draht\/"},"modified":"2021-04-21T18:14:06","modified_gmt":"2021-04-21T16:14:06","slug":"doppelprofil-fuer-haken-oder-draht","status":"publish","type":"product","link":"https:\/\/visiplast.com\/de\/produit\/doppelprofil-fuer-haken-oder-draht\/","title":{"rendered":"Doppelprofil f\u00fcr Draht,"},"content":{"rendered":"<p>Doppelprofil f\u00fcr Draht \u00d8 5-6 mm mit Staubschutz. Die L\u00e4nge des Etikettenhalters und der Draht-\u00d8 sind bei der Bestellung anzugeben.<\/p>\n<p>Eh = 25 und 40 mm: transparent<\/p>\n","protected":false},"excerpt":{"rendered":"<p>Doppelprofil f\u00fcr Haken oder Draht \u00d8 5-6 mm mit Staubschutz. Die L\u00e4nge des Etikettenhalters und der Draht-\u00d8 sind bei der Bestellung anzugeben.<\/p>\n<p>Eh = 25 und 40 mm: transparent<\/p>\n","protected":false},"featured_media":13311,"template":"","meta":[],"product_cat":[123,107],"product_tag":[],"class_list":{"0":"post-12193","1":"product","2":"type-product","3":"status-publish","4":"has-post-thumbnail","6":"product_cat-etikettenhalter-fur-haken-und-metalldrahte","7":"product_cat-etikettieren","9":"first","10":"instock","11":"purchasable","12":"product-type-variable"},"yoast_head":"<!-- This site is optimized with the Yoast SEO plugin v25.3.1 - https:\/\/yoast.com\/wordpress\/plugins\/seo\/ -->\n<title>Doppelprofil f\u00fcr Draht, - VISIPLAST<\/title>\n<meta name=\"robots\" content=\"index, follow, max-snippet:-1, max-image-preview:large, max-video-preview:-1\" \/>\n<link rel=\"canonical\" href=\"https:\/\/visiplast.com\/de\/produit\/doppelprofil-fuer-haken-oder-draht\/\" \/>\n<meta property=\"og:locale\" content=\"de_DE\" \/>\n<meta property=\"og:type\" content=\"article\" \/>\n<meta property=\"og:title\" content=\"Doppelprofil f\u00fcr Draht, - VISIPLAST\" \/>\n<meta property=\"og:description\" content=\"Doppelprofil f\u00fcr Haken oder Draht \u00d8 5-6 mm mit Staubschutz. Die L\u00e4nge des Etikettenhalters und der Draht-\u00d8 sind bei der Bestellung anzugeben.  Eh = 25 und 40 mm: transparent\" \/>\n<meta property=\"og:url\" content=\"https:\/\/visiplast.com\/de\/produit\/doppelprofil-fuer-haken-oder-draht\/\" \/>\n<meta property=\"og:site_name\" content=\"VISIPLAST\" \/>\n<meta property=\"article:modified_time\" content=\"2021-04-21T16:14:06+00:00\" \/>\n<meta property=\"og:image\" content=\"https:\/\/visiplast.com\/wp-content\/uploads\/2020\/11\/XBDD-11-2540.jpg\" \/>\n\t<meta property=\"og:image:width\" content=\"700\" \/>\n\t<meta property=\"og:image:height\" content=\"600\" \/>\n\t<meta property=\"og:image:type\" content=\"image\/jpeg\" \/>\n<meta name=\"twitter:card\" content=\"summary_large_image\" \/>\n<script type=\"application\/ld+json\" class=\"yoast-schema-graph\">{\"@context\":\"https:\/\/schema.org\",\"@graph\":[{\"@type\":\"WebPage\",\"@id\":\"https:\/\/visiplast.com\/de\/produit\/doppelprofil-fuer-haken-oder-draht\/\",\"url\":\"https:\/\/visiplast.com\/de\/produit\/doppelprofil-fuer-haken-oder-draht\/\",\"name\":\"Doppelprofil f\u00fcr Draht, - VISIPLAST\",\"isPartOf\":{\"@id\":\"https:\/\/visiplast.com\/#website\"},\"primaryImageOfPage\":{\"@id\":\"https:\/\/visiplast.com\/de\/produit\/doppelprofil-fuer-haken-oder-draht\/#primaryimage\"},\"image\":{\"@id\":\"https:\/\/visiplast.com\/de\/produit\/doppelprofil-fuer-haken-oder-draht\/#primaryimage\"},\"thumbnailUrl\":\"https:\/\/visiplast.com\/wp-content\/uploads\/2020\/11\/XBDD-11-2540.jpg\",\"datePublished\":\"2020-10-12T13:45:16+00:00\",\"dateModified\":\"2021-04-21T16:14:06+00:00\",\"breadcrumb\":{\"@id\":\"https:\/\/visiplast.com\/de\/produit\/doppelprofil-fuer-haken-oder-draht\/#breadcrumb\"},\"inLanguage\":\"de\",\"potentialAction\":[{\"@type\":\"ReadAction\",\"target\":[\"https:\/\/visiplast.com\/de\/produit\/doppelprofil-fuer-haken-oder-draht\/\"]}]},{\"@type\":\"ImageObject\",\"inLanguage\":\"de\",\"@id\":\"https:\/\/visiplast.com\/de\/produit\/doppelprofil-fuer-haken-oder-draht\/#primaryimage\",\"url\":\"https:\/\/visiplast.com\/wp-content\/uploads\/2020\/11\/XBDD-11-2540.jpg\",\"contentUrl\":\"https:\/\/visiplast.com\/wp-content\/uploads\/2020\/11\/XBDD-11-2540.jpg\",\"width\":700,\"height\":600},{\"@type\":\"BreadcrumbList\",\"@id\":\"https:\/\/visiplast.com\/de\/produit\/doppelprofil-fuer-haken-oder-draht\/#breadcrumb\",\"itemListElement\":[{\"@type\":\"ListItem\",\"position\":1,\"name\":\"Accueil\",\"item\":\"https:\/\/visiplast.com\/\"},{\"@type\":\"ListItem\",\"position\":2,\"name\":\"Notre catalogue\",\"item\":\"https:\/\/visiplast.com\/catalogue\/\"},{\"@type\":\"ListItem\",\"position\":3,\"name\":\"Doppelprofil f\u00fcr Draht,\"}]},{\"@type\":\"WebSite\",\"@id\":\"https:\/\/visiplast.com\/#website\",\"url\":\"https:\/\/visiplast.com\/\",\"name\":\"VISIPLAST\",\"description\":\"Un site utilisant WordPress\",\"potentialAction\":[{\"@type\":\"SearchAction\",\"target\":{\"@type\":\"EntryPoint\",\"urlTemplate\":\"https:\/\/visiplast.com\/?s={search_term_string}\"},\"query-input\":{\"@type\":\"PropertyValueSpecification\",\"valueRequired\":true,\"valueName\":\"search_term_string\"}}],\"inLanguage\":\"de\"}]}<\/script>\n<!-- \/ Yoast SEO plugin. -->","yoast_head_json":{"title":"Doppelprofil f\u00fcr Draht, - VISIPLAST","robots":{"index":"index","follow":"follow","max-snippet":"max-snippet:-1","max-image-preview":"max-image-preview:large","max-video-preview":"max-video-preview:-1"},"canonical":"https:\/\/visiplast.com\/de\/produit\/doppelprofil-fuer-haken-oder-draht\/","og_locale":"de_DE","og_type":"article","og_title":"Doppelprofil f\u00fcr Draht, - VISIPLAST","og_description":"Doppelprofil f\u00fcr Haken oder Draht \u00d8 5-6 mm mit Staubschutz. Die L\u00e4nge des Etikettenhalters und der Draht-\u00d8 sind bei der Bestellung anzugeben.  Eh = 25 und 40 mm: transparent","og_url":"https:\/\/visiplast.com\/de\/produit\/doppelprofil-fuer-haken-oder-draht\/","og_site_name":"VISIPLAST","article_modified_time":"2021-04-21T16:14:06+00:00","og_image":[{"width":700,"height":600,"url":"https:\/\/visiplast.com\/wp-content\/uploads\/2020\/11\/XBDD-11-2540.jpg","type":"image\/jpeg"}],"twitter_card":"summary_large_image","schema":{"@context":"https:\/\/schema.org","@graph":[{"@type":"WebPage","@id":"https:\/\/visiplast.com\/de\/produit\/doppelprofil-fuer-haken-oder-draht\/","url":"https:\/\/visiplast.com\/de\/produit\/doppelprofil-fuer-haken-oder-draht\/","name":"Doppelprofil f\u00fcr Draht, - VISIPLAST","isPartOf":{"@id":"https:\/\/visiplast.com\/#website"},"primaryImageOfPage":{"@id":"https:\/\/visiplast.com\/de\/produit\/doppelprofil-fuer-haken-oder-draht\/#primaryimage"},"image":{"@id":"https:\/\/visiplast.com\/de\/produit\/doppelprofil-fuer-haken-oder-draht\/#primaryimage"},"thumbnailUrl":"https:\/\/visiplast.com\/wp-content\/uploads\/2020\/11\/XBDD-11-2540.jpg","datePublished":"2020-10-12T13:45:16+00:00","dateModified":"2021-04-21T16:14:06+00:00","breadcrumb":{"@id":"https:\/\/visiplast.com\/de\/produit\/doppelprofil-fuer-haken-oder-draht\/#breadcrumb"},"inLanguage":"de","potentialAction":[{"@type":"ReadAction","target":["https:\/\/visiplast.com\/de\/produit\/doppelprofil-fuer-haken-oder-draht\/"]}]},{"@type":"ImageObject","inLanguage":"de","@id":"https:\/\/visiplast.com\/de\/produit\/doppelprofil-fuer-haken-oder-draht\/#primaryimage","url":"https:\/\/visiplast.com\/wp-content\/uploads\/2020\/11\/XBDD-11-2540.jpg","contentUrl":"https:\/\/visiplast.com\/wp-content\/uploads\/2020\/11\/XBDD-11-2540.jpg","width":700,"height":600},{"@type":"BreadcrumbList","@id":"https:\/\/visiplast.com\/de\/produit\/doppelprofil-fuer-haken-oder-draht\/#breadcrumb","itemListElement":[{"@type":"ListItem","position":1,"name":"Accueil","item":"https:\/\/visiplast.com\/"},{"@type":"ListItem","position":2,"name":"Notre catalogue","item":"https:\/\/visiplast.com\/catalogue\/"},{"@type":"ListItem","position":3,"name":"Doppelprofil f\u00fcr Draht,"}]},{"@type":"WebSite","@id":"https:\/\/visiplast.com\/#website","url":"https:\/\/visiplast.com\/","name":"VISIPLAST","description":"Un site utilisant WordPress","potentialAction":[{"@type":"SearchAction","target":{"@type":"EntryPoint","urlTemplate":"https:\/\/visiplast.com\/?s={search_term_string}"},"query-input":{"@type":"PropertyValueSpecification","valueRequired":true,"valueName":"search_term_string"}}],"inLanguage":"de"}]}},"_links":{"self":[{"href":"https:\/\/visiplast.com\/de\/wp-json\/wp\/v2\/product\/12193"}],"collection":[{"href":"https:\/\/visiplast.com\/de\/wp-json\/wp\/v2\/product"}],"about":[{"href":"https:\/\/visiplast.com\/de\/wp-json\/wp\/v2\/types\/product"}],"wp:featuredmedia":[{"embeddable":true,"href":"https:\/\/visiplast.com\/de\/wp-json\/wp\/v2\/media\/13311"}],"wp:attachment":[{"href":"https:\/\/visiplast.com\/de\/wp-json\/wp\/v2\/media?parent=12193"}],"wp:term":[{"taxonomy":"product_cat","embeddable":true,"href":"https:\/\/visiplast.com\/de\/wp-json\/wp\/v2\/product_cat?post=12193"},{"taxonomy":"product_tag","embeddable":true,"href":"https:\/\/visiplast.com\/de\/wp-json\/wp\/v2\/product_tag?post=12193"}],"curies":[{"name":"wp","href":"https:\/\/api.w.org\/{rel}","templated":true}]}}