{"id":10575,"date":"2020-08-11T16:01:20","date_gmt":"2020-08-11T14:01:20","guid":{"rendered":"https:\/\/visiplast.com\/product\/modulierbares-moebelstueck-3\/"},"modified":"2020-11-13T14:40:23","modified_gmt":"2020-11-13T13:40:23","slug":"modulierbares-moebelstueck-3","status":"publish","type":"product","link":"https:\/\/visiplast.com\/de\/produit\/modulierbares-moebelstueck-3\/","title":{"rendered":"Modulierbares M\u00f6belst\u00fcck 600 * 400"},"content":{"rendered":"<p>Modulierbares M\u00f6belst\u00fcck 600 x 400 mm mit Struktur aus PVC-Rohr \u00d8 40 mm. Bestehend aus: Platten, Rohren und Etikettenhalter.<br \/>\nNutzabmessungen der Platte: 529 x 369 mm.<\/p>\n<p>Kann mit personalisiertem Dekor geliefert werden.<br \/>\nRollen optional im Lieferumfang enthalten.<br \/>\nZusammensetzung und Farben auf Anfrage.<\/p>\n","protected":false},"excerpt":{"rendered":"<p>Modulierbares M\u00f6belst\u00fcck 600 x 400 mm mit Struktur aus PVC-Rohr \u00d8 40 mm. Bestehend aus: Platten, Rohren und Etikettenhalter. Nutzabmessungen der Platte: 529 x 369 mm. Kann mit personalisiertem Dekor geliefert werden. Rollen optional im Lieferumfang enthalten. Zusammensetzung und Farben auf Anfrage.<\/p>\n","protected":false},"featured_media":12662,"template":"","meta":[],"product_cat":[94],"product_tag":[],"class_list":{"0":"post-10575","1":"product","2":"type-product","3":"status-publish","4":"has-post-thumbnail","6":"product_cat-meubles-modulables-de","8":"first","9":"instock","10":"shipping-taxable","11":"product-type-simple"},"yoast_head":"<!-- This site is optimized with the Yoast SEO plugin v25.3.1 - https:\/\/yoast.com\/wordpress\/plugins\/seo\/ -->\n<title>Modulierbares M\u00f6belst\u00fcck 600 * 400 - VISIPLAST<\/title>\n<meta name=\"robots\" content=\"index, follow, max-snippet:-1, max-image-preview:large, max-video-preview:-1\" \/>\n<link rel=\"canonical\" href=\"https:\/\/visiplast.com\/de\/produit\/modulierbares-moebelstueck-3\/\" \/>\n<meta property=\"og:locale\" content=\"de_DE\" \/>\n<meta property=\"og:type\" content=\"article\" \/>\n<meta property=\"og:title\" content=\"Modulierbares M\u00f6belst\u00fcck 600 * 400 - VISIPLAST\" \/>\n<meta property=\"og:description\" content=\"Modulierbares M\u00f6belst\u00fcck 600 x 400 mm mit Struktur aus PVC-Rohr \u00d8 40 mm. Bestehend aus: Platten, Rohren und Etikettenhalter. Nutzabmessungen der Platte: 529 x 369 mm. Kann mit personalisiertem Dekor geliefert werden. Rollen optional im Lieferumfang enthalten. Zusammensetzung und Farben auf Anfrage.\" \/>\n<meta property=\"og:url\" content=\"https:\/\/visiplast.com\/de\/produit\/modulierbares-moebelstueck-3\/\" \/>\n<meta property=\"og:site_name\" content=\"VISIPLAST\" \/>\n<meta property=\"article:modified_time\" content=\"2020-11-13T13:40:23+00:00\" \/>\n<meta property=\"og:image\" content=\"https:\/\/visiplast.com\/wp-content\/uploads\/2020\/11\/M-VIS-98-537.jpg\" \/>\n\t<meta property=\"og:image:width\" content=\"700\" \/>\n\t<meta property=\"og:image:height\" content=\"600\" \/>\n\t<meta property=\"og:image:type\" content=\"image\/jpeg\" \/>\n<meta name=\"twitter:card\" content=\"summary_large_image\" \/>\n<script type=\"application\/ld+json\" class=\"yoast-schema-graph\">{\"@context\":\"https:\/\/schema.org\",\"@graph\":[{\"@type\":\"WebPage\",\"@id\":\"https:\/\/visiplast.com\/de\/produit\/modulierbares-moebelstueck-3\/\",\"url\":\"https:\/\/visiplast.com\/de\/produit\/modulierbares-moebelstueck-3\/\",\"name\":\"Modulierbares M\u00f6belst\u00fcck 600 * 400 - VISIPLAST\",\"isPartOf\":{\"@id\":\"https:\/\/visiplast.com\/#website\"},\"primaryImageOfPage\":{\"@id\":\"https:\/\/visiplast.com\/de\/produit\/modulierbares-moebelstueck-3\/#primaryimage\"},\"image\":{\"@id\":\"https:\/\/visiplast.com\/de\/produit\/modulierbares-moebelstueck-3\/#primaryimage\"},\"thumbnailUrl\":\"https:\/\/visiplast.com\/wp-content\/uploads\/2020\/11\/M-VIS-98-537.jpg\",\"datePublished\":\"2020-08-11T14:01:20+00:00\",\"dateModified\":\"2020-11-13T13:40:23+00:00\",\"breadcrumb\":{\"@id\":\"https:\/\/visiplast.com\/de\/produit\/modulierbares-moebelstueck-3\/#breadcrumb\"},\"inLanguage\":\"de\",\"potentialAction\":[{\"@type\":\"ReadAction\",\"target\":[\"https:\/\/visiplast.com\/de\/produit\/modulierbares-moebelstueck-3\/\"]}]},{\"@type\":\"ImageObject\",\"inLanguage\":\"de\",\"@id\":\"https:\/\/visiplast.com\/de\/produit\/modulierbares-moebelstueck-3\/#primaryimage\",\"url\":\"https:\/\/visiplast.com\/wp-content\/uploads\/2020\/11\/M-VIS-98-537.jpg\",\"contentUrl\":\"https:\/\/visiplast.com\/wp-content\/uploads\/2020\/11\/M-VIS-98-537.jpg\",\"width\":700,\"height\":600},{\"@type\":\"BreadcrumbList\",\"@id\":\"https:\/\/visiplast.com\/de\/produit\/modulierbares-moebelstueck-3\/#breadcrumb\",\"itemListElement\":[{\"@type\":\"ListItem\",\"position\":1,\"name\":\"Accueil\",\"item\":\"https:\/\/visiplast.com\/\"},{\"@type\":\"ListItem\",\"position\":2,\"name\":\"Notre catalogue\",\"item\":\"https:\/\/visiplast.com\/catalogue\/\"},{\"@type\":\"ListItem\",\"position\":3,\"name\":\"Modulierbares M\u00f6belst\u00fcck 600 * 400\"}]},{\"@type\":\"WebSite\",\"@id\":\"https:\/\/visiplast.com\/#website\",\"url\":\"https:\/\/visiplast.com\/\",\"name\":\"VISIPLAST\",\"description\":\"Un site utilisant WordPress\",\"potentialAction\":[{\"@type\":\"SearchAction\",\"target\":{\"@type\":\"EntryPoint\",\"urlTemplate\":\"https:\/\/visiplast.com\/?s={search_term_string}\"},\"query-input\":{\"@type\":\"PropertyValueSpecification\",\"valueRequired\":true,\"valueName\":\"search_term_string\"}}],\"inLanguage\":\"de\"}]}<\/script>\n<!-- \/ Yoast SEO plugin. -->","yoast_head_json":{"title":"Modulierbares M\u00f6belst\u00fcck 600 * 400 - VISIPLAST","robots":{"index":"index","follow":"follow","max-snippet":"max-snippet:-1","max-image-preview":"max-image-preview:large","max-video-preview":"max-video-preview:-1"},"canonical":"https:\/\/visiplast.com\/de\/produit\/modulierbares-moebelstueck-3\/","og_locale":"de_DE","og_type":"article","og_title":"Modulierbares M\u00f6belst\u00fcck 600 * 400 - VISIPLAST","og_description":"Modulierbares M\u00f6belst\u00fcck 600 x 400 mm mit Struktur aus PVC-Rohr \u00d8 40 mm. Bestehend aus: Platten, Rohren und Etikettenhalter. Nutzabmessungen der Platte: 529 x 369 mm. Kann mit personalisiertem Dekor geliefert werden. Rollen optional im Lieferumfang enthalten. Zusammensetzung und Farben auf Anfrage.","og_url":"https:\/\/visiplast.com\/de\/produit\/modulierbares-moebelstueck-3\/","og_site_name":"VISIPLAST","article_modified_time":"2020-11-13T13:40:23+00:00","og_image":[{"width":700,"height":600,"url":"https:\/\/visiplast.com\/wp-content\/uploads\/2020\/11\/M-VIS-98-537.jpg","type":"image\/jpeg"}],"twitter_card":"summary_large_image","schema":{"@context":"https:\/\/schema.org","@graph":[{"@type":"WebPage","@id":"https:\/\/visiplast.com\/de\/produit\/modulierbares-moebelstueck-3\/","url":"https:\/\/visiplast.com\/de\/produit\/modulierbares-moebelstueck-3\/","name":"Modulierbares M\u00f6belst\u00fcck 600 * 400 - VISIPLAST","isPartOf":{"@id":"https:\/\/visiplast.com\/#website"},"primaryImageOfPage":{"@id":"https:\/\/visiplast.com\/de\/produit\/modulierbares-moebelstueck-3\/#primaryimage"},"image":{"@id":"https:\/\/visiplast.com\/de\/produit\/modulierbares-moebelstueck-3\/#primaryimage"},"thumbnailUrl":"https:\/\/visiplast.com\/wp-content\/uploads\/2020\/11\/M-VIS-98-537.jpg","datePublished":"2020-08-11T14:01:20+00:00","dateModified":"2020-11-13T13:40:23+00:00","breadcrumb":{"@id":"https:\/\/visiplast.com\/de\/produit\/modulierbares-moebelstueck-3\/#breadcrumb"},"inLanguage":"de","potentialAction":[{"@type":"ReadAction","target":["https:\/\/visiplast.com\/de\/produit\/modulierbares-moebelstueck-3\/"]}]},{"@type":"ImageObject","inLanguage":"de","@id":"https:\/\/visiplast.com\/de\/produit\/modulierbares-moebelstueck-3\/#primaryimage","url":"https:\/\/visiplast.com\/wp-content\/uploads\/2020\/11\/M-VIS-98-537.jpg","contentUrl":"https:\/\/visiplast.com\/wp-content\/uploads\/2020\/11\/M-VIS-98-537.jpg","width":700,"height":600},{"@type":"BreadcrumbList","@id":"https:\/\/visiplast.com\/de\/produit\/modulierbares-moebelstueck-3\/#breadcrumb","itemListElement":[{"@type":"ListItem","position":1,"name":"Accueil","item":"https:\/\/visiplast.com\/"},{"@type":"ListItem","position":2,"name":"Notre catalogue","item":"https:\/\/visiplast.com\/catalogue\/"},{"@type":"ListItem","position":3,"name":"Modulierbares M\u00f6belst\u00fcck 600 * 400"}]},{"@type":"WebSite","@id":"https:\/\/visiplast.com\/#website","url":"https:\/\/visiplast.com\/","name":"VISIPLAST","description":"Un site utilisant WordPress","potentialAction":[{"@type":"SearchAction","target":{"@type":"EntryPoint","urlTemplate":"https:\/\/visiplast.com\/?s={search_term_string}"},"query-input":{"@type":"PropertyValueSpecification","valueRequired":true,"valueName":"search_term_string"}}],"inLanguage":"de"}]}},"_links":{"self":[{"href":"https:\/\/visiplast.com\/de\/wp-json\/wp\/v2\/product\/10575"}],"collection":[{"href":"https:\/\/visiplast.com\/de\/wp-json\/wp\/v2\/product"}],"about":[{"href":"https:\/\/visiplast.com\/de\/wp-json\/wp\/v2\/types\/product"}],"wp:featuredmedia":[{"embeddable":true,"href":"https:\/\/visiplast.com\/de\/wp-json\/wp\/v2\/media\/12662"}],"wp:attachment":[{"href":"https:\/\/visiplast.com\/de\/wp-json\/wp\/v2\/media?parent=10575"}],"wp:term":[{"taxonomy":"product_cat","embeddable":true,"href":"https:\/\/visiplast.com\/de\/wp-json\/wp\/v2\/product_cat?post=10575"},{"taxonomy":"product_tag","embeddable":true,"href":"https:\/\/visiplast.com\/de\/wp-json\/wp\/v2\/product_tag?post=10575"}],"curies":[{"name":"wp","href":"https:\/\/api.w.org\/{rel}","templated":true}]}}