{"id":10556,"date":"2020-07-02T17:09:05","date_gmt":"2020-08-11T13:48:55","guid":{"rendered":"https:\/\/visiplast.com\/product\/schraeger-etikettenhalter\/"},"modified":"2020-08-11T15:48:55","modified_gmt":"2020-08-11T13:48:55","slug":"schraeger-etikettenhalter","status":"publish","type":"product","link":"https:\/\/visiplast.com\/de\/produit\/schraeger-etikettenhalter\/","title":{"rendered":"Schr\u00e4ger Etikettenhalter"},"content":{"rendered":"<p>Schr\u00e4ger Etikettenhalter f\u00fcr Herm\u00e8s-Metallplatten, Giblain-Platten usw. Transparente Vorderseite, wei\u00dfe R\u00fcckseite. (andere Farbe auf Anfrage)<\/p>\n<p>Kann auch mit Clips befestigt werden (Art.-Nr. CLI 01 000)<\/p>\n<p>Transparenter Hintergrund,<\/p>\n","protected":false},"excerpt":{"rendered":"<p>Schr\u00e4ger Etikettenhalter f\u00fcr Herm\u00e8s-Metallplatten, Giblain-Platten usw. Transparente Vorderseite, wei\u00dfe R\u00fcckseite. (andere Farbe auf Anfrage) Kann auch mit Clips befestigt werden (Art.-Nr. CLI 01 000) Transparenter Hintergrund,<\/p>\n","protected":false},"featured_media":0,"template":"","meta":[],"product_cat":[102],"product_tag":[],"class_list":{"0":"post-10556","1":"product","2":"type-product","3":"status-publish","5":"product_cat-etikettenhalter-fur-metallregale-mit-schienen","7":"first","8":"instock","9":"shipping-taxable","10":"product-type-variable"},"yoast_head":"<!-- This site is optimized with the Yoast SEO plugin v25.3.1 - https:\/\/yoast.com\/wordpress\/plugins\/seo\/ -->\n<title>Schr\u00e4ger Etikettenhalter - VISIPLAST<\/title>\n<meta name=\"robots\" content=\"index, follow, max-snippet:-1, max-image-preview:large, max-video-preview:-1\" \/>\n<link rel=\"canonical\" href=\"https:\/\/visiplast.com\/de\/produit\/schraeger-etikettenhalter\/\" \/>\n<meta property=\"og:locale\" content=\"de_DE\" \/>\n<meta property=\"og:type\" content=\"article\" \/>\n<meta property=\"og:title\" content=\"Schr\u00e4ger Etikettenhalter - VISIPLAST\" \/>\n<meta property=\"og:description\" content=\"Schr\u00e4ger Etikettenhalter f\u00fcr Herm\u00e8s-Metallplatten, Giblain-Platten usw. Transparente Vorderseite, wei\u00dfe R\u00fcckseite. (andere Farbe auf Anfrage) Kann auch mit Clips befestigt werden (Art.-Nr. CLI 01 000) Transparenter Hintergrund,\" \/>\n<meta property=\"og:url\" content=\"https:\/\/visiplast.com\/de\/produit\/schraeger-etikettenhalter\/\" \/>\n<meta property=\"og:site_name\" content=\"VISIPLAST\" \/>\n<meta property=\"og:image\" content=\"https:\/\/visiplast.com\/wp-content\/uploads\/2020\/11\/XGI-01-038-020.jpg\" \/>\n\t<meta property=\"og:image:width\" content=\"700\" \/>\n\t<meta property=\"og:image:height\" content=\"600\" \/>\n\t<meta property=\"og:image:type\" content=\"image\/jpeg\" \/>\n<meta name=\"twitter:card\" content=\"summary_large_image\" \/>\n<script type=\"application\/ld+json\" class=\"yoast-schema-graph\">{\"@context\":\"https:\/\/schema.org\",\"@graph\":[{\"@type\":\"WebPage\",\"@id\":\"https:\/\/visiplast.com\/de\/produit\/schraeger-etikettenhalter\/\",\"url\":\"https:\/\/visiplast.com\/de\/produit\/schraeger-etikettenhalter\/\",\"name\":\"Schr\u00e4ger Etikettenhalter - VISIPLAST\",\"isPartOf\":{\"@id\":\"https:\/\/visiplast.com\/#website\"},\"datePublished\":\"2020-08-11T13:48:55+00:00\",\"breadcrumb\":{\"@id\":\"https:\/\/visiplast.com\/de\/produit\/schraeger-etikettenhalter\/#breadcrumb\"},\"inLanguage\":\"de\",\"potentialAction\":[{\"@type\":\"ReadAction\",\"target\":[\"https:\/\/visiplast.com\/de\/produit\/schraeger-etikettenhalter\/\"]}]},{\"@type\":\"BreadcrumbList\",\"@id\":\"https:\/\/visiplast.com\/de\/produit\/schraeger-etikettenhalter\/#breadcrumb\",\"itemListElement\":[{\"@type\":\"ListItem\",\"position\":1,\"name\":\"Accueil\",\"item\":\"https:\/\/visiplast.com\/\"},{\"@type\":\"ListItem\",\"position\":2,\"name\":\"Notre catalogue\",\"item\":\"https:\/\/visiplast.com\/catalogue\/\"},{\"@type\":\"ListItem\",\"position\":3,\"name\":\"Schr\u00e4ger Etikettenhalter\"}]},{\"@type\":\"WebSite\",\"@id\":\"https:\/\/visiplast.com\/#website\",\"url\":\"https:\/\/visiplast.com\/\",\"name\":\"VISIPLAST\",\"description\":\"Un site utilisant WordPress\",\"potentialAction\":[{\"@type\":\"SearchAction\",\"target\":{\"@type\":\"EntryPoint\",\"urlTemplate\":\"https:\/\/visiplast.com\/?s={search_term_string}\"},\"query-input\":{\"@type\":\"PropertyValueSpecification\",\"valueRequired\":true,\"valueName\":\"search_term_string\"}}],\"inLanguage\":\"de\"}]}<\/script>\n<!-- \/ Yoast SEO plugin. -->","yoast_head_json":{"title":"Schr\u00e4ger Etikettenhalter - VISIPLAST","robots":{"index":"index","follow":"follow","max-snippet":"max-snippet:-1","max-image-preview":"max-image-preview:large","max-video-preview":"max-video-preview:-1"},"canonical":"https:\/\/visiplast.com\/de\/produit\/schraeger-etikettenhalter\/","og_locale":"de_DE","og_type":"article","og_title":"Schr\u00e4ger Etikettenhalter - VISIPLAST","og_description":"Schr\u00e4ger Etikettenhalter f\u00fcr Herm\u00e8s-Metallplatten, Giblain-Platten usw. Transparente Vorderseite, wei\u00dfe R\u00fcckseite. (andere Farbe auf Anfrage) Kann auch mit Clips befestigt werden (Art.-Nr. CLI 01 000) Transparenter Hintergrund,","og_url":"https:\/\/visiplast.com\/de\/produit\/schraeger-etikettenhalter\/","og_site_name":"VISIPLAST","og_image":[{"width":700,"height":600,"url":"https:\/\/visiplast.com\/wp-content\/uploads\/2020\/11\/XGI-01-038-020.jpg","type":"image\/jpeg"}],"twitter_card":"summary_large_image","schema":{"@context":"https:\/\/schema.org","@graph":[{"@type":"WebPage","@id":"https:\/\/visiplast.com\/de\/produit\/schraeger-etikettenhalter\/","url":"https:\/\/visiplast.com\/de\/produit\/schraeger-etikettenhalter\/","name":"Schr\u00e4ger Etikettenhalter - VISIPLAST","isPartOf":{"@id":"https:\/\/visiplast.com\/#website"},"datePublished":"2020-08-11T13:48:55+00:00","breadcrumb":{"@id":"https:\/\/visiplast.com\/de\/produit\/schraeger-etikettenhalter\/#breadcrumb"},"inLanguage":"de","potentialAction":[{"@type":"ReadAction","target":["https:\/\/visiplast.com\/de\/produit\/schraeger-etikettenhalter\/"]}]},{"@type":"BreadcrumbList","@id":"https:\/\/visiplast.com\/de\/produit\/schraeger-etikettenhalter\/#breadcrumb","itemListElement":[{"@type":"ListItem","position":1,"name":"Accueil","item":"https:\/\/visiplast.com\/"},{"@type":"ListItem","position":2,"name":"Notre catalogue","item":"https:\/\/visiplast.com\/catalogue\/"},{"@type":"ListItem","position":3,"name":"Schr\u00e4ger Etikettenhalter"}]},{"@type":"WebSite","@id":"https:\/\/visiplast.com\/#website","url":"https:\/\/visiplast.com\/","name":"VISIPLAST","description":"Un site utilisant WordPress","potentialAction":[{"@type":"SearchAction","target":{"@type":"EntryPoint","urlTemplate":"https:\/\/visiplast.com\/?s={search_term_string}"},"query-input":{"@type":"PropertyValueSpecification","valueRequired":true,"valueName":"search_term_string"}}],"inLanguage":"de"}]}},"_links":{"self":[{"href":"https:\/\/visiplast.com\/de\/wp-json\/wp\/v2\/product\/10556"}],"collection":[{"href":"https:\/\/visiplast.com\/de\/wp-json\/wp\/v2\/product"}],"about":[{"href":"https:\/\/visiplast.com\/de\/wp-json\/wp\/v2\/types\/product"}],"wp:attachment":[{"href":"https:\/\/visiplast.com\/de\/wp-json\/wp\/v2\/media?parent=10556"}],"wp:term":[{"taxonomy":"product_cat","embeddable":true,"href":"https:\/\/visiplast.com\/de\/wp-json\/wp\/v2\/product_cat?post=10556"},{"taxonomy":"product_tag","embeddable":true,"href":"https:\/\/visiplast.com\/de\/wp-json\/wp\/v2\/product_tag?post=10556"}],"curies":[{"name":"wp","href":"https:\/\/api.w.org\/{rel}","templated":true}]}}